{"id":4123,"date":"2019-05-02T13:49:01","date_gmt":"2019-05-02T13:49:01","guid":{"rendered":"https:\/\/vingasec.ch\/legal-information\/"},"modified":"2025-05-26T11:27:36","modified_gmt":"2025-05-26T11:27:36","slug":"informations-juridiques","status":"publish","type":"page","link":"https:\/\/vingasec.ch\/fr\/informations-juridiques\/","title":{"rendered":"Informations juridiques"},"content":{"rendered":"<p>[et_pb_section fb_built=\u00a0\u00bb1&Prime; custom_padding_last_edited=\u00a0\u00bboff|desktop\u00a0\u00bb _builder_version=\u00a0\u00bb4.20.2&Prime; _module_preset=\u00a0\u00bbdefault\u00a0\u00bb use_background_color_gradient=\u00a0\u00bbon\u00a0\u00bb background_color_gradient_direction=\u00a0\u00bb38deg\u00a0\u00bb background_color_gradient_stops=\u00a0\u00bbrgba(3,2,10,0.21) 6%|rgba(1,5,10,0.26) 99%\u00a0\u00bb background_color_gradient_overlays_image=\u00a0\u00bbon\u00a0\u00bb background_image=\u00a0\u00bbhttps:\/\/vingasec.ch\/wp-content\/uploads\/2023\/03\/vingasec-legal.jpg\u00a0\u00bb background_position=\u00a0\u00bbtop_center\u00a0\u00bb background_vertical_offset=\u00a0\u00bb42%\u00a0\u00bb background_enable_video_mp4=\u00a0\u00bboff\u00a0\u00bb background_enable_video_webm=\u00a0\u00bboff\u00a0\u00bb height=\u00a0\u00bb60vh\u00a0\u00bb height_tablet=\u00a0\u00bb83vw\u00a0\u00bb height_phone=\u00a0\u00bb179vw\u00a0\u00bb height_last_edited=\u00a0\u00bboff|desktop\u00a0\u00bb custom_padding=\u00a0\u00bb||||true|false\u00a0\u00bb custom_padding_tablet=\u00a0\u00bb45vw||45vw||true|false\u00a0\u00bb custom_padding_phone=\u00a0\u00bb75vw||75vw||true|false\u00a0\u00bb filter_saturate=\u00a0\u00bb90%\u00a0\u00bb locked=\u00a0\u00bboff\u00a0\u00bb global_colors_info=\u00a0\u00bb{}\u00a0\u00bb][et_pb_row _builder_version=\u00a0\u00bb4.20.2&Prime; _module_preset=\u00a0\u00bbdefault\u00a0\u00bb positioning=\u00a0\u00bbabsolute\u00a0\u00bb position_origin_a=\u00a0\u00bbcenter_center\u00a0\u00bb custom_margin=\u00a0\u00bb||||false|false\u00a0\u00bb global_colors_info=\u00a0\u00bb{}\u00a0\u00bb][et_pb_column type=\u00a0\u00bb4_4&Prime; _builder_version=\u00a0\u00bb4.18.0&Prime; _module_preset=\u00a0\u00bbdefault\u00a0\u00bb global_colors_info=\u00a0\u00bb{}\u00a0\u00bb][et_pb_text _builder_version=\u00a0\u00bb4.27.4&Prime; _module_preset=\u00a0\u00bbdefault\u00a0\u00bb text_font=\u00a0\u00bb|300|||||||\u00a0\u00bb text_text_color=\u00a0\u00bb#FFFFFF\u00a0\u00bb header_font=\u00a0\u00bbPlayfair Display||on||||||\u00a0\u00bb header_text_color=\u00a0\u00bb#FFFFFF\u00a0\u00bb header_font_size=\u00a0\u00bb50px\u00a0\u00bb text_orientation=\u00a0\u00bbcenter\u00a0\u00bb width=\u00a0\u00bb100%\u00a0\u00bb module_alignment=\u00a0\u00bbcenter\u00a0\u00bb custom_margin=\u00a0\u00bb||5px|||\u00a0\u00bb custom_padding=\u00a0\u00bb|173px||173px||true\u00a0\u00bb custom_padding_tablet=\u00a0\u00bb|10px||10px|false|true\u00a0\u00bb custom_padding_phone=\u00a0\u00bb\u00a0\u00bb custom_padding_last_edited=\u00a0\u00bbon|tablet\u00a0\u00bb header_font_size_tablet=\u00a0\u00bb30px\u00a0\u00bb header_font_size_phone=\u00a0\u00bb30px\u00a0\u00bb header_font_size_last_edited=\u00a0\u00bbon|tablet\u00a0\u00bb global_colors_info=\u00a0\u00bb{}\u00a0\u00bb]<\/p>\n<h1>Informations juridiques<\/h1>\n<p>[\/et_pb_text][\/et_pb_column][\/et_pb_row][\/et_pb_section][et_pb_section fb_built=\u00a0\u00bb1&Prime; module_id=\u00a0\u00bbjool-securities-ab\u00a0\u00bb module_class=\u00a0\u00bbjool-securities-ab\u00a0\u00bb _builder_version=\u00a0\u00bb4.16&Prime; custom_padding=\u00a0\u00bb63px||107px|||\u00a0\u00bb global_colors_info=\u00a0\u00bb{}\u00a0\u00bb][et_pb_row custom_padding_last_edited=\u00a0\u00bbon|tablet\u00a0\u00bb _builder_version=\u00a0\u00bb4.20.2&Prime; _module_preset=\u00a0\u00bbdefault\u00a0\u00bb custom_margin=\u00a0\u00bb|auto|10px|auto||\u00a0\u00bb custom_margin_tablet=\u00a0\u00bb||0px||false|false\u00a0\u00bb custom_margin_phone=\u00a0\u00bb\u00a0\u00bb custom_margin_last_edited=\u00a0\u00bbon|tablet\u00a0\u00bb custom_padding=\u00a0\u00bb||10px|||\u00a0\u00bb custom_padding_tablet=\u00a0\u00bb||0px||false|false\u00a0\u00bb custom_padding_phone=\u00a0\u00bb\u00a0\u00bb global_colors_info=\u00a0\u00bb{}\u00a0\u00bb][et_pb_column type=\u00a0\u00bb4_4&Prime; _builder_version=\u00a0\u00bb4.20.2&Prime; _module_preset=\u00a0\u00bbdefault\u00a0\u00bb global_colors_info=\u00a0\u00bb{}\u00a0\u00bb][et_pb_text content_tablet=\u00a0\u00bb<\/p>\n<h1>En ledande leveranto\u0308r av tillva\u0308xtfinansiering fo\u0308r nordiska sma\u030a och medelstora fo\u0308retag<\/h1>\n<p>\u00a0\u00bb content_phone=\u00a0\u00bb<\/p>\n<h1>En ledande leveranto\u0308r av tillva\u0308xt- finansiering fo\u0308r nordiska sma\u030a och medelstora fo\u0308retag<\/h1>\n<p>\u00a0\u00bb content_last_edited=\u00a0\u00bboff|desktop\u00a0\u00bb _builder_version=\u00a0\u00bb4.27.4&Prime; _module_preset=\u00a0\u00bbdefault\u00a0\u00bb header_font=\u00a0\u00bbPlayfair Display||on||||||\u00a0\u00bb header_text_align=\u00a0\u00bbleft\u00a0\u00bb header_text_color=\u00a0\u00bb#000000&Prime; header_font_size=\u00a0\u00bb35px\u00a0\u00bb header_line_height=\u00a0\u00bb1.3em\u00a0\u00bb custom_margin=\u00a0\u00bb||17px||false|false\u00a0\u00bb custom_padding=\u00a0\u00bb||||false|true\u00a0\u00bb header_font_size_tablet=\u00a0\u00bb29px\u00a0\u00bb header_font_size_phone=\u00a0\u00bb26px\u00a0\u00bb header_font_size_last_edited=\u00a0\u00bboff|desktop\u00a0\u00bb locked=\u00a0\u00bboff\u00a0\u00bb global_colors_info=\u00a0\u00bb{}\u00a0\u00bb]<\/p>\n<h1 style=\"text-align: center;\">Vinga Securities AG<\/h1>\n<p>[\/et_pb_text][\/et_pb_column][\/et_pb_row][et_pb_row column_structure=\u00a0\u00bb1_2,1_2&Prime; _builder_version=\u00a0\u00bb4.20.2&Prime; custom_margin=\u00a0\u00bb17px|auto||auto||\u00a0\u00bb custom_margin_tablet=\u00a0\u00bb0px|auto||auto|false|false\u00a0\u00bb custom_margin_phone=\u00a0\u00bb\u00a0\u00bb custom_margin_last_edited=\u00a0\u00bbon|tablet\u00a0\u00bb custom_padding=\u00a0\u00bb26px||28px|||\u00a0\u00bb global_colors_info=\u00a0\u00bb{}\u00a0\u00bb][et_pb_column type=\u00a0\u00bb1_2&Prime; _builder_version=\u00a0\u00bb4.16&Prime; custom_padding=\u00a0\u00bb|||\u00a0\u00bb global_colors_info=\u00a0\u00bb{}\u00a0\u00bb custom_padding__hover=\u00a0\u00bb|||\u00a0\u00bb][et_pb_text _builder_version=\u00a0\u00bb4.27.4&Prime; text_font=\u00a0\u00bb|300|||||||\u00a0\u00bb text_font_size=\u00a0\u00bb15px\u00a0\u00bb custom_margin=\u00a0\u00bb||37px|||\u00a0\u00bb custom_padding=\u00a0\u00bb22px|17px||||\u00a0\u00bb global_colors_info=\u00a0\u00bb{}\u00a0\u00bb]<\/p>\n<p class=\"p1\">Vinga Securities AG est un OAR membre de VQF avec le num\u00e9ro d&rsquo;enregistrement 100\u00a0636.<\/p>\n<p class=\"p1\">L&rsquo;OAR membre VQF est un organisme d&rsquo;autor\u00e9gulation (OAR) officiellement reconnu selon la loi sur le blanchiment d&rsquo;argent (LBA).\u00a0<a href=\"http:\/\/www.vqf.ch\/\"><span class=\"s1\">www.vqf.ch<\/span><\/a><\/p>\n<p class=\"p1\">Vinga Securities AG est membre de l&rsquo;Ombudsman des prestataires de services financiers (OFD).\u00a0<a href=\"http:\/\/www.ofdl.ch\/\"><span class=\"s1\">www.ofdl.ch<\/span><\/a><\/p>\n<p class=\"p1\">Vinga Securities AG est couverte par une assurance responsabilit\u00e9 civile professionnelle des prestataires de services financiers (\u00e0 l&rsquo;exclusion des \u00c9tats-Unis et du Canada) \u00e9mise par AXA, Thurgauerstrasse 36\/38, 8050 Zurich.<\/p>\n<p>[\/et_pb_text][et_pb_image src=\u00a0\u00bbhttps:\/\/vingasec.ch\/wp-content\/uploads\/2023\/03\/image002.jpg\u00a0\u00bb title_text=\u00a0\u00bbimage002&Prime; url=\u00a0\u00bbhttps:\/\/www.vqf.ch\/indexen.html\u00a0\u00bb url_new_window=\u00a0\u00bbon\u00a0\u00bb _builder_version=\u00a0\u00bb4.19.2&Prime; _module_preset=\u00a0\u00bbdefault\u00a0\u00bb width=\u00a0\u00bb363px\u00a0\u00bb width_tablet=\u00a0\u00bb413px\u00a0\u00bb width_phone=\u00a0\u00bb95%\u00a0\u00bb width_last_edited=\u00a0\u00bbon|phone\u00a0\u00bb global_colors_info=\u00a0\u00bb{}\u00a0\u00bb][\/et_pb_image][\/et_pb_column][et_pb_column type=\u00a0\u00bb1_2&Prime; _builder_version=\u00a0\u00bb4.16&Prime; custom_padding=\u00a0\u00bb|||\u00a0\u00bb global_colors_info=\u00a0\u00bb{}\u00a0\u00bb custom_padding__hover=\u00a0\u00bb|||\u00a0\u00bb][et_pb_text _builder_version=\u00a0\u00bb4.27.4&Prime; text_text_color=\u00a0\u00bb#0a0a0a\u00a0\u00bb background_color=\u00a0\u00bb#f2f4f7&Prime; custom_margin=\u00a0\u00bb9px||33px|||\u00a0\u00bb custom_margin_tablet=\u00a0\u00bb31px||25px||false|false\u00a0\u00bb custom_margin_phone=\u00a0\u00bb||||false|false\u00a0\u00bb custom_margin_last_edited=\u00a0\u00bbon|phone\u00a0\u00bb custom_padding=\u00a0\u00bb35px|50px|35px|50px|true|true\u00a0\u00bb custom_padding_tablet=\u00a0\u00bb\u00a0\u00bb custom_padding_phone=\u00a0\u00bb|28px||28px|true|true\u00a0\u00bb custom_padding_last_edited=\u00a0\u00bbon|phone\u00a0\u00bb global_colors_info=\u00a0\u00bb{}\u00a0\u00bb]<\/p>\n<p><strong><span style=\"vertical-align: inherit;\"><span style=\"vertical-align: inherit;\">Pour des informations l\u00e9gales sur Vinga Securities AB, <\/span><span class=\"s1\"><a href=\"https:\/\/vingasec.se\/legal-information\/\">cliquez ici<\/a><\/span><\/span><span>\u00a0<\/span><span class=\"s1\"><br \/><a href=\"https:\/\/vingasec.se\/legal-information\/\"><span style=\"vertical-align: inherit;\"><\/span><\/a><\/span><\/strong><\/p>\n<p>[\/et_pb_text][et_pb_text _builder_version=\u00a0\u00bb4.27.4&Prime; text_text_color=\u00a0\u00bb#0a0a0a\u00a0\u00bb background_color=\u00a0\u00bb#f2f4f7&Prime; custom_margin=\u00a0\u00bb9px|||||\u00a0\u00bb custom_margin_tablet=\u00a0\u00bb\u00a0\u00bb custom_margin_phone=\u00a0\u00bb||||false|false\u00a0\u00bb custom_margin_last_edited=\u00a0\u00bbon|phone\u00a0\u00bb custom_padding=\u00a0\u00bb35px|50px|35px|50px|true|true\u00a0\u00bb custom_padding_tablet=\u00a0\u00bb35px|60px|35px|60px|true|true\u00a0\u00bb custom_padding_phone=\u00a0\u00bb|28px||28px|true|true\u00a0\u00bb custom_padding_last_edited=\u00a0\u00bbon|phone\u00a0\u00bb global_colors_info=\u00a0\u00bb{}\u00a0\u00bb]<\/p>\n<p><strong><b><span lang=\"EN-US\"><span style=\"vertical-align: inherit;\"><span style=\"vertical-align: inherit;\">Pour des informations l\u00e9gales sur Vinga Securities Oy, <\/span><\/span><\/span><\/b><span style=\"vertical-align: inherit;\"><a href=\"https:\/\/vingasec.fi\/toimilupa\/\">cliquez ici<\/a><\/span><span>\u00a0<\/span><br \/><a href=\"https:\/\/vingasec.fi\/toimilupa\/\"><span class=\"s1\"><span style=\"vertical-align: inherit;\"><\/span><\/span><\/a><\/strong><\/p>\n<p>[\/et_pb_text][\/et_pb_column][\/et_pb_row][\/et_pb_section]<\/p>\n","protected":false},"excerpt":{"rendered":"<p>Informations juridiquesVinga Securities AGVinga Securities AG est un OAR membre de VQF avec le num\u00e9ro d&rsquo;enregistrement 100\u00a0636. L&rsquo;OAR membre VQF est un organisme d&rsquo;autor\u00e9gulation (OAR) officiellement reconnu selon la loi sur le blanchiment d&rsquo;argent (LBA).\u00a0www.vqf.ch Vinga Securities AG est membre de l&rsquo;Ombudsman des prestataires de services financiers (OFD).\u00a0www.ofdl.ch Vinga Securities AG est couverte par une [&hellip;]<\/p>\n","protected":false},"author":1,"featured_media":0,"parent":0,"menu_order":0,"comment_status":"closed","ping_status":"closed","template":"","meta":{"_et_pb_use_builder":"on","_et_pb_old_content":"","_et_gb_content_width":"","inline_featured_image":false,"footnotes":""},"class_list":["post-4123","page","type-page","status-publish","hentry"],"yoast_head":"<!-- This site is optimized with the Yoast SEO plugin v26.9 - https:\/\/yoast.com\/product\/yoast-seo-wordpress\/ -->\n<title>Informations juridiques - Vinga Securities AG<\/title>\n<meta name=\"description\" content=\"Vinga Securities propose des conseils en investissement, sp\u00e9cialis\u00e9s dans la dette priv\u00e9e et les actions non cot\u00e9es.\" \/>\n<meta name=\"robots\" content=\"index, follow, max-snippet:-1, max-image-preview:large, max-video-preview:-1\" \/>\n<link rel=\"canonical\" href=\"https:\/\/vingasec.ch\/fr\/informations-juridiques\/\" \/>\n<meta property=\"og:locale\" content=\"fr_FR\" \/>\n<meta property=\"og:type\" content=\"article\" \/>\n<meta property=\"og:title\" content=\"Informations juridiques - Vinga Securities AG\" \/>\n<meta property=\"og:description\" content=\"Vinga Securities propose des conseils en investissement, sp\u00e9cialis\u00e9s dans la dette priv\u00e9e et les actions non cot\u00e9es.\" \/>\n<meta property=\"og:url\" content=\"https:\/\/vingasec.ch\/fr\/informations-juridiques\/\" \/>\n<meta property=\"og:site_name\" content=\"Vinga Securities\" \/>\n<meta property=\"article:publisher\" content=\"https:\/\/www.facebook.com\/vingagroup\" \/>\n<meta property=\"article:modified_time\" content=\"2025-05-26T11:27:36+00:00\" \/>\n<meta property=\"og:image\" content=\"https:\/\/vingasec.ch\/wp-content\/uploads\/2023\/05\/Vinga_Securities_logo_horisontell_black_cmyk.png\" \/>\n\t<meta property=\"og:image:width\" content=\"1200\" \/>\n\t<meta property=\"og:image:height\" content=\"675\" \/>\n\t<meta property=\"og:image:type\" content=\"image\/png\" \/>\n<meta name=\"twitter:card\" content=\"summary_large_image\" \/>\n<meta name=\"twitter:label1\" content=\"Dur\u00e9e de lecture estim\u00e9e\" \/>\n\t<meta name=\"twitter:data1\" content=\"1 minute\" \/>\n<script type=\"application\/ld+json\" class=\"yoast-schema-graph\">{\"@context\":\"https:\/\/schema.org\",\"@graph\":[{\"@type\":\"WebPage\",\"@id\":\"https:\/\/vingasec.ch\/fr\/informations-juridiques\/\",\"url\":\"https:\/\/vingasec.ch\/fr\/informations-juridiques\/\",\"name\":\"Informations juridiques - Vinga Securities AG\",\"isPartOf\":{\"@id\":\"https:\/\/vingasec.ch\/fr\/#website\"},\"datePublished\":\"2019-05-02T13:49:01+00:00\",\"dateModified\":\"2025-05-26T11:27:36+00:00\",\"description\":\"Vinga Securities propose des conseils en investissement, sp\u00e9cialis\u00e9s dans la dette priv\u00e9e et les actions non cot\u00e9es.\",\"breadcrumb\":{\"@id\":\"https:\/\/vingasec.ch\/fr\/informations-juridiques\/#breadcrumb\"},\"inLanguage\":\"fr-FR\",\"potentialAction\":[{\"@type\":\"ReadAction\",\"target\":[\"https:\/\/vingasec.ch\/fr\/informations-juridiques\/\"]}]},{\"@type\":\"BreadcrumbList\",\"@id\":\"https:\/\/vingasec.ch\/fr\/informations-juridiques\/#breadcrumb\",\"itemListElement\":[{\"@type\":\"ListItem\",\"position\":1,\"name\":\"Home\",\"item\":\"https:\/\/vingasec.ch\/fr\/\"},{\"@type\":\"ListItem\",\"position\":2,\"name\":\"Informations juridiques\"}]},{\"@type\":\"WebSite\",\"@id\":\"https:\/\/vingasec.ch\/fr\/#website\",\"url\":\"https:\/\/vingasec.ch\/fr\/\",\"name\":\"Vinga Securities AG\",\"description\":\"Nordic roots \u2013 global ambition\",\"publisher\":{\"@id\":\"https:\/\/vingasec.ch\/fr\/#organization\"},\"potentialAction\":[{\"@type\":\"SearchAction\",\"target\":{\"@type\":\"EntryPoint\",\"urlTemplate\":\"https:\/\/vingasec.ch\/fr\/?s={search_term_string}\"},\"query-input\":{\"@type\":\"PropertyValueSpecification\",\"valueRequired\":true,\"valueName\":\"search_term_string\"}}],\"inLanguage\":\"fr-FR\"},{\"@type\":\"Organization\",\"@id\":\"https:\/\/vingasec.ch\/fr\/#organization\",\"name\":\"Vinga Securities AG\",\"url\":\"https:\/\/vingasec.ch\/fr\/\",\"logo\":{\"@type\":\"ImageObject\",\"inLanguage\":\"fr-FR\",\"@id\":\"https:\/\/vingasec.ch\/fr\/#\/schema\/logo\/image\/\",\"url\":\"https:\/\/vingasec.ch\/wp-content\/uploads\/2023\/05\/Vinga_Securities_logo_vertikal_black_cmyk.png\",\"contentUrl\":\"https:\/\/vingasec.ch\/wp-content\/uploads\/2023\/05\/Vinga_Securities_logo_vertikal_black_cmyk.png\",\"width\":696,\"height\":696,\"caption\":\"Vinga Securities AG\"},\"image\":{\"@id\":\"https:\/\/vingasec.ch\/fr\/#\/schema\/logo\/image\/\"},\"sameAs\":[\"https:\/\/www.facebook.com\/vingagroup\",\"https:\/\/www.linkedin.com\/company\/vinga-group\/\",\"https:\/\/www.instagram.com\/vingagroup\/\"]}]}<\/script>\n<!-- \/ Yoast SEO plugin. -->","yoast_head_json":{"title":"Informations juridiques - Vinga Securities AG","description":"Vinga Securities propose des conseils en investissement, sp\u00e9cialis\u00e9s dans la dette priv\u00e9e et les actions non cot\u00e9es.","robots":{"index":"index","follow":"follow","max-snippet":"max-snippet:-1","max-image-preview":"max-image-preview:large","max-video-preview":"max-video-preview:-1"},"canonical":"https:\/\/vingasec.ch\/fr\/informations-juridiques\/","og_locale":"fr_FR","og_type":"article","og_title":"Informations juridiques - Vinga Securities AG","og_description":"Vinga Securities propose des conseils en investissement, sp\u00e9cialis\u00e9s dans la dette priv\u00e9e et les actions non cot\u00e9es.","og_url":"https:\/\/vingasec.ch\/fr\/informations-juridiques\/","og_site_name":"Vinga Securities","article_publisher":"https:\/\/www.facebook.com\/vingagroup","article_modified_time":"2025-05-26T11:27:36+00:00","og_image":[{"width":1200,"height":675,"url":"https:\/\/vingasec.ch\/wp-content\/uploads\/2023\/05\/Vinga_Securities_logo_horisontell_black_cmyk.png","type":"image\/png"}],"twitter_card":"summary_large_image","twitter_misc":{"Dur\u00e9e de lecture estim\u00e9e":"1 minute"},"schema":{"@context":"https:\/\/schema.org","@graph":[{"@type":"WebPage","@id":"https:\/\/vingasec.ch\/fr\/informations-juridiques\/","url":"https:\/\/vingasec.ch\/fr\/informations-juridiques\/","name":"Informations juridiques - Vinga Securities AG","isPartOf":{"@id":"https:\/\/vingasec.ch\/fr\/#website"},"datePublished":"2019-05-02T13:49:01+00:00","dateModified":"2025-05-26T11:27:36+00:00","description":"Vinga Securities propose des conseils en investissement, sp\u00e9cialis\u00e9s dans la dette priv\u00e9e et les actions non cot\u00e9es.","breadcrumb":{"@id":"https:\/\/vingasec.ch\/fr\/informations-juridiques\/#breadcrumb"},"inLanguage":"fr-FR","potentialAction":[{"@type":"ReadAction","target":["https:\/\/vingasec.ch\/fr\/informations-juridiques\/"]}]},{"@type":"BreadcrumbList","@id":"https:\/\/vingasec.ch\/fr\/informations-juridiques\/#breadcrumb","itemListElement":[{"@type":"ListItem","position":1,"name":"Home","item":"https:\/\/vingasec.ch\/fr\/"},{"@type":"ListItem","position":2,"name":"Informations juridiques"}]},{"@type":"WebSite","@id":"https:\/\/vingasec.ch\/fr\/#website","url":"https:\/\/vingasec.ch\/fr\/","name":"Vinga Securities AG","description":"Nordic roots \u2013 global ambition","publisher":{"@id":"https:\/\/vingasec.ch\/fr\/#organization"},"potentialAction":[{"@type":"SearchAction","target":{"@type":"EntryPoint","urlTemplate":"https:\/\/vingasec.ch\/fr\/?s={search_term_string}"},"query-input":{"@type":"PropertyValueSpecification","valueRequired":true,"valueName":"search_term_string"}}],"inLanguage":"fr-FR"},{"@type":"Organization","@id":"https:\/\/vingasec.ch\/fr\/#organization","name":"Vinga Securities AG","url":"https:\/\/vingasec.ch\/fr\/","logo":{"@type":"ImageObject","inLanguage":"fr-FR","@id":"https:\/\/vingasec.ch\/fr\/#\/schema\/logo\/image\/","url":"https:\/\/vingasec.ch\/wp-content\/uploads\/2023\/05\/Vinga_Securities_logo_vertikal_black_cmyk.png","contentUrl":"https:\/\/vingasec.ch\/wp-content\/uploads\/2023\/05\/Vinga_Securities_logo_vertikal_black_cmyk.png","width":696,"height":696,"caption":"Vinga Securities AG"},"image":{"@id":"https:\/\/vingasec.ch\/fr\/#\/schema\/logo\/image\/"},"sameAs":["https:\/\/www.facebook.com\/vingagroup","https:\/\/www.linkedin.com\/company\/vinga-group\/","https:\/\/www.instagram.com\/vingagroup\/"]}]}},"_links":{"self":[{"href":"https:\/\/vingasec.ch\/fr\/wp-json\/wp\/v2\/pages\/4123","targetHints":{"allow":["GET"]}}],"collection":[{"href":"https:\/\/vingasec.ch\/fr\/wp-json\/wp\/v2\/pages"}],"about":[{"href":"https:\/\/vingasec.ch\/fr\/wp-json\/wp\/v2\/types\/page"}],"author":[{"embeddable":true,"href":"https:\/\/vingasec.ch\/fr\/wp-json\/wp\/v2\/users\/1"}],"replies":[{"embeddable":true,"href":"https:\/\/vingasec.ch\/fr\/wp-json\/wp\/v2\/comments?post=4123"}],"version-history":[{"count":3,"href":"https:\/\/vingasec.ch\/fr\/wp-json\/wp\/v2\/pages\/4123\/revisions"}],"predecessor-version":[{"id":4127,"href":"https:\/\/vingasec.ch\/fr\/wp-json\/wp\/v2\/pages\/4123\/revisions\/4127"}],"wp:attachment":[{"href":"https:\/\/vingasec.ch\/fr\/wp-json\/wp\/v2\/media?parent=4123"}],"curies":[{"name":"wp","href":"https:\/\/api.w.org\/{rel}","templated":true}]}}